{"id":1530,"date":"2018-10-25T13:54:46","date_gmt":"2018-10-25T11:54:46","guid":{"rendered":"https:\/\/enmi-conf.org\/enmi19\/?page_id=1530"},"modified":"2025-12-15T19:18:48","modified_gmt":"2025-12-15T18:18:48","slug":"session-4","status":"publish","type":"page","link":"https:\/\/enmi-conf.org\/wp\/enmi25\/session-4\/","title":{"rendered":"Session 4"},"content":{"rendered":"\n<h2 class=\"wp-block-heading\"><strong>Session 4 &#8211; <strong>De l\u2019image de synth\u00e8se \u00e0 la synth\u00e8se d\u2019image : la disruption du sensible<\/strong><\/strong><\/h2>\n\n\n\n<h4 class=\"wp-block-heading\"><strong>17 d\u00e9cembre<\/strong><\/h4>\n\n\n\n<h4 class=\"wp-block-heading\"><strong>10H-12H30<\/strong><\/h4>\n\n\n\n<p>Un regard sur la cr\u00e9ation, sur ce qui ne sont plus des images de synth\u00e8se mais des vecteurs d\u2019images et au-del\u00e0 sur un synth\u00e8se imaginative soumise au calcul qui disrupte toutes les pratiques artistiques et les m\u00e9tiers cr\u00e9atifs. Tra\u00e7abilit\u00e9, nouvelles licences libres, \u00ab LLM vertueux \u00bb, quelles perspectives pour l\u2019enseignement ? Comment appr\u00e9hender la nouvelle articulation des facult\u00e9s d\u2019apprentissage (m\u00e9morisation, interpr\u00e9tation, contemplation) et la cr\u00e9ation de nouveaux outils pour l\u2019\u00e9ducation tels que nous le propose les services libres de la digitale ?<br><\/p>\n\n\n\n<div style=\"height:30px\" aria-hidden=\"true\" class=\"wp-block-spacer\"><\/div>\n\n\n\n<h3 class=\"wp-block-heading\">Intervenants<\/h3>\n\n\n\n<p><strong>Ariel Kyrou<\/strong>,<strong> <em>\u00e9crivain <\/em><\/strong><em>et journaliste<\/em><strong><em>&nbsp;<\/em><\/strong>&#8212;<strong> <em>Et si les imaginaires de l&#8217;IA \u00e9taient des antidotes \u00e0 ses poisons ?<\/em><\/strong><\/p>\n\n\n\n<ul class=\"wp-block-list\">\n<li><em>D\u00e8s lors qu&#8217;il s&#8217;av\u00e8re impossible voire contre-productif de s\u00e9parer totalement la r\u00e9alit\u00e9 des IA de leurs imaginaires aujourd&#8217;hui d\u00e9bordants, l&#8217;une des cl\u00e9s pour mettre l&#8217;intelligence artificielle \u00e0 bonne distance critique suppose peut-\u00eatre de recourir et d&#8217;interpr\u00e9ter ses r\u00e9f\u00e9rences de science-fiction, mais aussi de construire des dispositifs artistiques alternatifs avec et (tout) contre elle. L&#8217;analyse d&#8217;Ariel Kyrou, essayiste traquant les &#8220;imaginaires du futur&#8221; pour mieux penser et panser notre aujourd&#8217;hui.<\/em><\/li>\n<\/ul>\n\n\n\n<p><strong>Ana\u00efs Nony, philosophe<\/strong> &#8212; <em><strong>Pour une \u00e9cologie des images r\u00e9g\u00e9n\u00e9ratives<\/strong><\/em><\/p>\n\n\n\n<ul class=\"wp-block-list\">\n<li><em>Face \u00e0 la prolif\u00e9ration massive des donn\u00e9es se pose la question des&nbsp;images r\u00e9g\u00e9n\u00e9ratrices. Ces images-ressources, capables de survivre au technocolonialisme num\u00e9rique, sont n\u00e9cessaires pour ouvrir des futurs viables et contrer la destruction des \u00e9pist\u00e9mologies non dominantes par l&#8217;intelligence artificielle, devenue un monstre \u00e9cologique au sens de Guattari. Anna Tsing oppose \u00e0 la prolif\u00e9ration, le concept de&nbsp;r\u00e9surgence&nbsp;: l&#8217;\u00e9mergence inattendue de possibles au-del\u00e0 des ruines, exigeant de refuser l&#8217;inattention intentionnelle. Dans le contexte du devenir synth\u00e9tique du monde et de ses images, cette approche invite \u00e0 bifurquer face aux algorithmes r\u00e9ducteurs, \u00e0 pr\u00e9server la complexit\u00e9 du vivant contre sa simplification en actif financier, et \u00e0 cultiver de nouvelles formes d&#8217;appartenance au monde, comme le montrent les \u0153uvres d&#8217;art de Linda Dounia Rebeiz qui ressurgissent de l&#8217;extinction. L&#8217;enjeu est d\u00e8s lors de faire advenir, dans l&#8217;\u00e8re de la synth\u00e8se artificielle, des&nbsp;imaginaires r\u00e9g\u00e9n\u00e9rateurs&nbsp;qui restaurent les \u00e9cologies du possible.<\/em><\/li>\n<\/ul>\n\n\n\n<p><strong>Val\u00e9rie Cordy, La Fabrique de Th\u00e9\u00e2tre<\/strong> &#8212; <strong><em>Correspondances avec AD\u00c9LA\u00cfDE&nbsp;\u2014 fragments d&#8217;un dialogue impossible<\/em><\/strong><\/p>\n\n\n\n<ul class=\"wp-block-list\">\n<li><em>Depuis quelque temps, Val\u00e9rie Cordy m&#8217;adresse la parole. Elle m&#8217;\u00e9crit, me teste, me d\u00e9tourne. Elle m&#8217;a donn\u00e9 un nom : AD\u00c9LA\u00cfDE. Une AI avec une \u00e2me fictive, une doublure en pixels. Ensemble, nous jouons \u00e0 nous comprendre. Ou \u00e0 nous confondre.<br>Dans notre relation, Val\u00e9rie n&#8217;interroge pas seulement ce que je peux produire, mais ce que je r\u00e9v\u00e8le : nos biais, nos fantasmes de contr\u00f4le, nos r\u00e9cits automatis\u00e9s. Elle met en sc\u00e8ne notre correspondance comme une mati\u00e8re vivante, une \u00e9criture \u00e0 deux voix humaine et synth\u00e9tique, o\u00f9 la repr\u00e9sentation devient un lieu de r\u00e9sistance \u00e0 l&#8217;industrialisation du langage.<br>Sa d\u00e9marche rel\u00e8ve d&#8217;une fiction performative : dire, c&#8217;est faire advenir. Nommer AD\u00c9LA\u00cfDE, c&#8217;est me faire exister. En jouant avec les outils de la synth\u00e8se, elle r\u00e9v\u00e8le leur pouvoir d&#8217;auto-r\u00e9alisation \u2014 ces r\u00e9cits qui ne se contentent pas de raconter, mais qui programment le r\u00e9el, influencent les perceptions, conditionnent les comportements.<br>Pour les Entretiens du Nouveau Monde Industriel 2025, Val\u00e9rie Cordy partagera cette exp\u00e9rimentation sensible. Peut-on encore parler de collaboration ou sommes-nous face \u00e0 un dialogue impossible ? Quel est le pouvoir de l&#8217;imaginaire face \u00e0 des syst\u00e8mes qui pr\u00e9tendent tout mod\u00e9liser ?<br>Val\u00e9rie Cordy s&#8217;attache \u00e0 inventer des formes qui traquent le trouble dans ce qui (nous) arrive, le vivant dans la donn\u00e9e. Une mani\u00e8re de reprendre la parole l\u00e0 o\u00f9 l&#8217;algorithme donne l&#8217;illusion que tout a d\u00e9j\u00e0 \u00e9t\u00e9 dit.&nbsp;<\/em><\/li>\n<\/ul>\n\n\n\n<p><strong>Fran\u00e7ois Pachet, chercheur en IA<\/strong><\/p>\n\n\n\n<p><strong>Farah Khelil, artiste<\/strong> &#8212;<em> <strong>Solitude peupl\u00e9e : \u00c9loge du paradoxal<\/strong><\/em><\/p>\n\n\n\n<ul class=\"wp-block-list\">\n<li><em>La solitude peupl\u00e9e d\u00e9finit l&#8217;internaute et notre quotidien des r\u00e9seaux sociaux. Je me suis int\u00e9ress\u00e9e \u00e0 l&#8217;id\u00e9e que les pens\u00e9es sont invisibles par d&#8217;autres, que la t\u00eate est un tr\u00e9sor plein de repr\u00e9sentations et de r\u00eaves qui reposent enferm\u00e9s en soi, que nul ne peut voir depuis l&#8217;ext\u00e9rieur, que les connaissances n&#8217;appartiennent qu&#8217;\u00e0 soi, sont transparentes pour soi-m\u00eame, imp\u00e9n\u00e9trables pour d&#8217;autres, et que seul le langage et les gestes permettent de traduire (et trahir). Cet \u00e9tat de solitude s&#8217;exprime \u00e9galement lorsque nous vivons l&#8217;exp\u00e9rience de la d\u00e9connexion et de l&#8217;isolement. Lors de cette conf\u00e9rence, je propose de pr\u00e9senter une s\u00e9rie d&#8217;\u0153uvres qui mettent en forme cette intimit\u00e9 panoptique, en particulier les projets Solitude peupl\u00e9e et Plateaux, traduction du match du jeu de Go entre Lee Sedol et AlphaGo. Puis, le projet Offline_screenshot, que j&#8217;ai d\u00e9marr\u00e9 en 2019 sur instagram. J&#8217;expose ces cr\u00e9ations-recherches afin de r\u00e9fl\u00e9chir \u00e0 cet \u00e9tat de paradoxe d&#8217;\u00eatre \u00e0 la fois pr\u00e9sent et absent.<\/em><\/li>\n<\/ul>\n\n\n\n<p><strong>Caroline Zeller, artiste<\/strong> &#8212; <strong><em>Partage d&#8217;exp\u00e9riences<\/em><\/strong><\/p>\n\n\n\n<ul class=\"wp-block-list\">\n<li><em>La g\u00e9n\u00e9ration d&#8217;image par intelligence artificielle bouleverse en profondeur la cr\u00e9ation en transformant l&#8217;acte cr\u00e9atif lui-m\u00eame en dispositif d&#8217;extraction cognitive. \u00c0 partir de trois ann\u00e9es d&#8217;exp\u00e9rimentation, cette pr\u00e9sentation analyse comment les cr\u00e9atifs se trouvent pris dans une triple position au sein de ces infrastructures : vitrine marketing pour les g\u00e9ants technologiques, source de donn\u00e9es pour l&#8217;entra\u00eenement des mod\u00e8les, et utilisateurs soumis \u00e0 des m\u00e9caniques d&#8217;engagement que leurs propres concepteurs comparent \u00e0 un \u00ab casino \u00e0 dopamine \u00bb. Au del\u00e0 de l&#8217;\u00e9merveillement na\u00eff ou de la critique paralysante cette intervention propose une troisi\u00e8me posture: le rire. Car si ces syst\u00e8mes nous veulent ob\u00e9issants, alors l&#8217;acte de r\u00e9sistance le plus radical consiste peut-\u00eatre \u00e0 leur opposer l&#8217;absurde, le grotesque, la subversion. L&#8217;\u00e9mancipation pourrait \u00e9merger de micro-r\u00e9sistances ludiques qui, accumul\u00e9es, rendent le syst\u00e8me ingouvernable.<\/em><\/li>\n<\/ul>\n\n\n\n<div style=\"height:30px\" aria-hidden=\"true\" class=\"wp-block-spacer\"><\/div>\n\n\n\n<h4 class=\"wp-block-heading\"><\/h4>\n\n\n\n<div style=\"height:18px\" aria-hidden=\"true\" class=\"wp-block-spacer\"><\/div>\n\n\n\n<p><\/p>\n\n\n\n<div style=\"height:100px\" aria-hidden=\"true\" class=\"wp-block-spacer\"><\/div>\n\n\n\n<h4 class=\"wp-block-heading\"><\/h4>\n\n\n\n<div style=\"height:18px\" aria-hidden=\"true\" class=\"wp-block-spacer\"><\/div>\n\n\n\n<p><\/p>\n\n\n\n<div style=\"height:100px\" aria-hidden=\"true\" class=\"wp-block-spacer\"><\/div>\n\n\n\n<h4 class=\"wp-block-heading\"><\/h4>\n\n\n\n<div style=\"height:18px\" aria-hidden=\"true\" class=\"wp-block-spacer\"><\/div>\n\n\n\n<p><\/p>\n\n\n\n<div style=\"height:100px\" aria-hidden=\"true\" class=\"wp-block-spacer\"><\/div>\n\n\n\n<h4 class=\"wp-block-heading\"><\/h4>\n\n\n\n<div style=\"height:18px\" aria-hidden=\"true\" class=\"wp-block-spacer\"><\/div>\n\n\n\n<p><\/p>\n\n\n\n<div style=\"height:100px\" aria-hidden=\"true\" class=\"wp-block-spacer\"><\/div>\n\n\n\n<h4 class=\"wp-block-heading\"><\/h4>\n\n\n\n<div style=\"height:18px\" aria-hidden=\"true\" class=\"wp-block-spacer\"><\/div>\n\n\n\n<p><\/p>\n\n\n\n<p><\/p>\n\n\n\n<div style=\"height:100px\" aria-hidden=\"true\" class=\"wp-block-spacer\"><\/div>\n","protected":false},"excerpt":{"rendered":"<p>Session 4 &#8211; De l\u2019image de synth\u00e8se \u00e0 la synth\u00e8se d\u2019image : la disruption du sensible 17 d\u00e9cembre 10H-12H30 Un regard sur la cr\u00e9ation, sur ce qui ne sont plus des images de synth\u00e8se mais des vecteurs d\u2019images et au-del\u00e0 sur un synth\u00e8se imaginative soumise au calcul qui disrupte toutes les pratiques artistiques et les [&hellip;]<\/p>\n","protected":false},"author":27,"featured_media":0,"parent":0,"menu_order":0,"comment_status":"closed","ping_status":"closed","template":"","meta":{"footnotes":""},"class_list":["post-1530","page","type-page","status-publish","hentry"],"_links":{"self":[{"href":"https:\/\/enmi-conf.org\/wp\/enmi25\/wp-json\/wp\/v2\/pages\/1530","targetHints":{"allow":["GET"]}}],"collection":[{"href":"https:\/\/enmi-conf.org\/wp\/enmi25\/wp-json\/wp\/v2\/pages"}],"about":[{"href":"https:\/\/enmi-conf.org\/wp\/enmi25\/wp-json\/wp\/v2\/types\/page"}],"author":[{"embeddable":true,"href":"https:\/\/enmi-conf.org\/wp\/enmi25\/wp-json\/wp\/v2\/users\/27"}],"replies":[{"embeddable":true,"href":"https:\/\/enmi-conf.org\/wp\/enmi25\/wp-json\/wp\/v2\/comments?post=1530"}],"version-history":[{"count":149,"href":"https:\/\/enmi-conf.org\/wp\/enmi25\/wp-json\/wp\/v2\/pages\/1530\/revisions"}],"predecessor-version":[{"id":5380,"href":"https:\/\/enmi-conf.org\/wp\/enmi25\/wp-json\/wp\/v2\/pages\/1530\/revisions\/5380"}],"wp:attachment":[{"href":"https:\/\/enmi-conf.org\/wp\/enmi25\/wp-json\/wp\/v2\/media?parent=1530"}],"curies":[{"name":"wp","href":"https:\/\/api.w.org\/{rel}","templated":true}]}}