{"id":221,"date":"2013-12-19T16:15:08","date_gmt":"2013-12-19T15:15:08","guid":{"rendered":"https:\/\/enmi-conf.org\/enmi14\/?page_id=221"},"modified":"2023-12-19T09:06:41","modified_gmt":"2023-12-19T08:06:41","slug":"table-ronde","status":"publish","type":"page","link":"https:\/\/enmi-conf.org\/wp\/enmi23\/table-ronde\/","title":{"rendered":"Table ronde"},"content":{"rendered":"\n<div style=\"height:60px\" aria-hidden=\"true\" class=\"wp-block-spacer\"><\/div>\n\n\n\n<h3 class=\"wp-block-heading\"><strong>Table ronde&nbsp;:<\/strong><em><strong>&nbsp;<\/strong><\/em><strong>\u00ab&nbsp;Modifier, jouer : le modding dans le jeu vid\u00e9o&nbsp;\u00bb<\/strong><\/h3>\n\n\n\n<h3 class=\"wp-block-heading\">Mardi 19 d\u00e9cembre \u2013 17h00-19h00<\/h3>\n\n\n\n<div style=\"height:10px\" aria-hidden=\"true\" class=\"wp-block-spacer\"><\/div>\n\n\n\n<p class=\"p1\"><strong>Interventions : <\/strong><\/p>\n\n\n\n<p class=\"p1\">Organis\u00e9e en collaboration avec l\u2019association \u00c9pokh\u00e8.<\/p>\n\n\n\n<div style=\"height:25px\" aria-hidden=\"true\" class=\"wp-block-spacer\"><\/div>\n\n\n\n\n\n<p><em> <\/em>Le \u00ab modding \u00bb, pratique h\u00e9rit\u00e9e de l\u2019informatique, consiste \u00e0 modifier les \u00e9l\u00e9ments d\u2019un jeu vid\u00e9o. Elle est rendue possible par le caract\u00e8re manipulable du num\u00e9rique. La premi\u00e8re communaut\u00e9 significative de \u00ab&nbsp;modders&nbsp;\u00bb appara\u00eet avec Doom, sorti en 1993.&nbsp;&nbsp;Aujourd\u2019hui, des jeux vid\u00e9o tels que League of Legends ou Counter-Strike trouvent naissance dans des mods cr\u00e9\u00e9s \u00e0 partir d\u2019autres jeux vid\u00e9o, montrant la fine fronti\u00e8re entre joueurs et concepteurs.&nbsp;Avec le succ\u00e8s depuis les ann\u00e9es 2010 de jeux vid\u00e9o comme Minecraft, Fortnite ou Roblox, le modding doit \u00eatre repens\u00e9 \u00e0 nouveaux frais. Ces jeux apparaissent comme des kits permettant la cr\u00e9ation de micro-exp\u00e9riences vid\u00e9oludiques, o\u00f9 les joueurs b\u00e2tissent des mondes dit \u00ab&nbsp;virtuels&nbsp;\u00bb qu\u2019ils \u00ab&nbsp;habitent&nbsp;\u00bb collectivement. L\u2019industrie du jeu vid\u00e9o s\u2019empare de ces questions et tend \u00e0 faire \u00e9voluer ses mod\u00e8les.&nbsp;&nbsp;Face \u00e0 des enjeux \u00e9conomiques colossaux et aux risques d\u2019instrumentalisation des joueurs (et notamment des plus jeunes), ces pratiques cr\u00e9atives de d\u00e9tournement appellent \u00e0 la r\u00e9flexion et \u00e0 la discussion.<\/p>\n\n\n\n<div style=\"height:30px\" aria-hidden=\"true\" class=\"wp-block-spacer\"><\/div>\n\n\n\n\n\n<p><\/p>\n\n\n\n<div style=\"height:30px\" aria-hidden=\"true\" class=\"wp-block-spacer\"><\/div>\n\n\n\n\n\n<div style=\"height:100px\" aria-hidden=\"true\" class=\"wp-block-spacer\"><\/div>\n","protected":false},"excerpt":{"rendered":"<p>Table ronde&nbsp;:&nbsp;\u00ab&nbsp;Modifier, jouer : le modding dans le jeu vid\u00e9o&nbsp;\u00bb Mardi 19 d\u00e9cembre \u2013 17h00-19h00 Interventions : Organis\u00e9e en collaboration avec l\u2019association \u00c9pokh\u00e8. Le \u00ab modding \u00bb, pratique h\u00e9rit\u00e9e de l\u2019informatique, consiste \u00e0 modifier les \u00e9l\u00e9ments d\u2019un jeu vid\u00e9o. Elle est rendue possible par le caract\u00e8re manipulable du num\u00e9rique. La premi\u00e8re communaut\u00e9 significative de \u00ab&nbsp;modders&nbsp;\u00bb [&hellip;]<\/p>\n","protected":false},"author":22,"featured_media":0,"parent":0,"menu_order":0,"comment_status":"closed","ping_status":"closed","template":"","meta":{"footnotes":""},"class_list":["post-221","page","type-page","status-publish","hentry"],"_links":{"self":[{"href":"https:\/\/enmi-conf.org\/wp\/enmi23\/wp-json\/wp\/v2\/pages\/221","targetHints":{"allow":["GET"]}}],"collection":[{"href":"https:\/\/enmi-conf.org\/wp\/enmi23\/wp-json\/wp\/v2\/pages"}],"about":[{"href":"https:\/\/enmi-conf.org\/wp\/enmi23\/wp-json\/wp\/v2\/types\/page"}],"author":[{"embeddable":true,"href":"https:\/\/enmi-conf.org\/wp\/enmi23\/wp-json\/wp\/v2\/users\/22"}],"replies":[{"embeddable":true,"href":"https:\/\/enmi-conf.org\/wp\/enmi23\/wp-json\/wp\/v2\/comments?post=221"}],"version-history":[{"count":132,"href":"https:\/\/enmi-conf.org\/wp\/enmi23\/wp-json\/wp\/v2\/pages\/221\/revisions"}],"predecessor-version":[{"id":4382,"href":"https:\/\/enmi-conf.org\/wp\/enmi23\/wp-json\/wp\/v2\/pages\/221\/revisions\/4382"}],"wp:attachment":[{"href":"https:\/\/enmi-conf.org\/wp\/enmi23\/wp-json\/wp\/v2\/media?parent=221"}],"curies":[{"name":"wp","href":"https:\/\/api.w.org\/{rel}","templated":true}]}}