{"id":217,"date":"2013-12-19T15:54:45","date_gmt":"2013-12-19T14:54:45","guid":{"rendered":"https:\/\/enmi-conf.org\/enmi14\/?page_id=217"},"modified":"2016-12-14T13:11:10","modified_gmt":"2016-12-14T12:11:10","slug":"session-1","status":"publish","type":"page","link":"https:\/\/enmi-conf.org\/wp\/enmi15\/session-1\/","title":{"rendered":"Session 1"},"content":{"rendered":"<p><div  class=\"one-fourth\"><img loading=\"lazy\" decoding=\"async\" class=\"alignleft size-full wp-image-298\" src=\"https:\/\/enmi-conf.org\/wp\/enmi15\/wp-content\/uploads\/sites\/7\/2015\/12\/Session1.png\" alt=\"Session1\" width=\"220\" height=\"220\" \/><br \/>\n<a href=\"#video\"><img loading=\"lazy\" decoding=\"async\" class=\"alignleft size-full wp-image-437\" style=\"margin-top: 20px;\" src=\"https:\/\/enmi-conf.org\/wp\/enmi15\/wp-content\/uploads\/sites\/7\/2014\/12\/Session1_video.png\" alt=\"Session1_video\" width=\"220\" height=\"220\" srcset=\"https:\/\/enmi-conf.org\/wp\/enmi15\/wp-content\/uploads\/sites\/7\/2014\/12\/Session1_video.png 220w, https:\/\/enmi-conf.org\/wp\/enmi15\/wp-content\/uploads\/sites\/7\/2014\/12\/Session1_video-150x150.png 150w\" sizes=\"auto, (max-width: 220px) 100vw, 220px\" \/><\/a><\/div><br \/>\n<div  class=\"one-half\"><h3>Anthropoc\u00e8ne et entropie du web<\/h3><\/p>\n<p style=\"text-align: justify;\">En 1993, le World Wide Web fut con\u00e7u au sein du CERN en vue d\u2019instrumenter des relations entre pairs \u00e9diteurs, contribuant par leur activit\u00e9 \u00e0 enrichir les savoirs et d\u00e9bats publics de controverses f\u00e9condes, c\u2019est \u00e0 dire, dans un langage syst\u00e9mique, de bifurcations n\u00e9guentropiques. Ce n\u2019est pas internet mais le World Wide Web qui, avec Mosaic, puis avec Netscape, a permis la constitution d\u2019une r\u00e9ticulation plan\u00e9taire \u00e0 laquelle, vingt deux ans plus tard, sont connect\u00e9s pr\u00e8s de trois milliards d\u2019\u00eatres humains, et o\u00f9 sont apparues de nouvelles plateformes.<br \/>\nD\u00e9sormais, cette connectivit\u00e9 g\u00e9n\u00e9ralis\u00e9e reconduit le plus souvent \u00e0 une standardisation massive des relations \u2013 c\u2019est \u00e0 dire aussi \u00e0 une augmentation de\u00a0l\u2019entropie cognitive. Dans le contexte o\u00f9 l\u2019Anthropoc\u00e8ne, qui constitue d\u00e9sormais le cadre des n\u00e9gociations internationales, notamment quant au changement climatique, est toxique pour lui-m\u00eame en ce qu\u2019il augmente massivement le taux d\u2019entropie thermodynamique dans la biosph\u00e8re, le web ne pourrait-il pas et ne devrait-il pas \u00eatre repens\u00e9 en vue de r\u00e9activer sa capacit\u00e9 initiale \u00e0 intensifier la qualit\u00e9 \u00e0 la fois des savoirs, des d\u00e9bats publics et des \u00e9conomies industrielles elles-m\u00eames ?<\/p>\n<p><div class=\"seperator\" class=\"seperatorExtra\"><\/div>\u00a0<h3>Intervenants<\/h3><\/p>\n<p><strong>Bernard Stiegler<\/strong>, (IRI, UTC, Conseil National du Num\u00e9rique)<em> Le WEB dans l&#8217;anthropoc\u00e8ne<\/em><\/p>\n<p><strong>Evgeny Morozov<\/strong>, (Journaliste, \u00e9crivain)<\/p>\n<p><strong>Giuseppe Longo<\/strong>, (ENS)<em> De la collaboration des diversit\u00e9s \u00e0 la comp\u00e9tition vers l\u2019identique : les tr\u00e8s grandes bases de donn\u00e9es et les r\u00e9gularit\u00e9s sans sens<\/em><\/p>\n<p><strong>Dominique Cardon, <\/strong>(Orange Labs, universit\u00e9 de Marne la Vall\u00e9e)<em> La bazar et les algorithmes : \u00e0 propos de l\u2019espace public num\u00e9rique<\/em><\/p>\n<p><\/div><div  class=\"one-fourth last-column\"><\/p>\n<div id=\"attachment_331\" style=\"width: 160px\" class=\"wp-caption alignleft\"><img loading=\"lazy\" decoding=\"async\" aria-describedby=\"caption-attachment-331\" class=\"size-thumbnail wp-image-331\" src=\"https:\/\/enmi-conf.org\/wp\/enmi15\/wp-content\/uploads\/sites\/7\/2014\/11\/01_Bernard-Stiegler.jpg\" alt=\"Bernard Stiegler\" width=\"150\" height=\"150\" srcset=\"https:\/\/enmi-conf.org\/wp\/enmi15\/wp-content\/uploads\/sites\/7\/2014\/11\/01_Bernard-Stiegler.jpg 321w, https:\/\/enmi-conf.org\/wp\/enmi15\/wp-content\/uploads\/sites\/7\/2014\/11\/01_Bernard-Stiegler-150x150.jpg 150w, https:\/\/enmi-conf.org\/wp\/enmi15\/wp-content\/uploads\/sites\/7\/2014\/11\/01_Bernard-Stiegler-300x300.jpg 300w\" sizes=\"auto, (max-width: 150px) 100vw, 150px\" \/><p id=\"caption-attachment-331\" class=\"wp-caption-text\">Bernard Stiegler<\/p><\/div>\n<div id=\"attachment_332\" style=\"width: 160px\" class=\"wp-caption alignleft\"><img loading=\"lazy\" decoding=\"async\" aria-describedby=\"caption-attachment-332\" class=\"size-thumbnail wp-image-332\" src=\"https:\/\/enmi-conf.org\/wp\/enmi15\/wp-content\/uploads\/sites\/7\/2013\/11\/Morozov.png\" alt=\"Evgeny Morozov\" width=\"150\" height=\"150\" \/><p id=\"caption-attachment-332\" class=\"wp-caption-text\">Evgeny Morozov<\/p><\/div>\n<div id=\"attachment_333\" style=\"width: 160px\" class=\"wp-caption alignleft\"><img loading=\"lazy\" decoding=\"async\" aria-describedby=\"caption-attachment-333\" class=\"size-thumbnail wp-image-333\" src=\"https:\/\/enmi-conf.org\/wp\/enmi15\/wp-content\/uploads\/sites\/7\/2014\/11\/04_Guiseppe-Longo.jpg\" alt=\"Giuseppe Longo\" width=\"150\" height=\"150\" \/><p id=\"caption-attachment-333\" class=\"wp-caption-text\">Giuseppe Longo<\/p><\/div>\n<div id=\"attachment_334\" style=\"width: 160px\" class=\"wp-caption alignleft\"><img loading=\"lazy\" decoding=\"async\" aria-describedby=\"caption-attachment-334\" class=\"size-thumbnail wp-image-334\" src=\"https:\/\/enmi-conf.org\/wp\/enmi15\/wp-content\/uploads\/sites\/7\/2014\/11\/06_Dominique-Cardon.jpg\" alt=\"Dominique Cardon\" width=\"150\" height=\"150\" \/><p id=\"caption-attachment-334\" class=\"wp-caption-text\">Dominique Cardon<\/p><\/div>\n<p><\/div><div class=\"clearfix\"><\/div><br \/>\n<div class=\"seperator\" class=\"seperatorExtra\"><\/div><br \/>\n<div  class=\"one-fourth\"><a id=\"video\"><\/a><img loading=\"lazy\" decoding=\"async\" class=\"aligncenter size-full wp-image-437\" style=\"margin-top: 50px;\" src=\"https:\/\/enmi-conf.org\/wp\/enmi15\/wp-content\/uploads\/sites\/7\/2014\/12\/Session1_video.png\" alt=\"Session1_video\" width=\"220\" height=\"220\" srcset=\"https:\/\/enmi-conf.org\/wp\/enmi15\/wp-content\/uploads\/sites\/7\/2014\/12\/Session1_video.png 220w, https:\/\/enmi-conf.org\/wp\/enmi15\/wp-content\/uploads\/sites\/7\/2014\/12\/Session1_video-150x150.png 150w\" sizes=\"auto, (max-width: 220px) 100vw, 220px\" \/><\/div><div  class=\"three-fourth-last last-column\"><\/p>\n<h3>Vid\u00e9o Session 1<\/h3>\n<p><iframe loading=\"lazy\" src=\"https:\/\/ldt.iri.centrepompidou.fr\/ldtplatform\/ldt\/embed\/v3\/iframe?content_id=1febf848-a284-11e5-8011-00145ea4a2be&amp;project_id=fab30f52-a284-11e5-8011-00145ea4a2be&amp;createannotation=True&amp;createannotation_polemics=False&amp;createannotation_annotation_types=chap,d\u00e9coupage&amp;polemic=tweet&amp;annotation=True&amp;polemic_version=2&amp;polemic_max_elements=50&amp;segments_annotation_types=chap,d\u00e9coupage&amp;concatenate_projects=True\" width=\"570\" height=\"811\" seamless=\"seamless\"><\/iframe><br \/>\n<\/div><div class=\"clearfix\"><\/div><\/p>\n","protected":false},"excerpt":{"rendered":"","protected":false},"author":22,"featured_media":0,"parent":0,"menu_order":0,"comment_status":"open","ping_status":"closed","template":"","meta":{"footnotes":""},"class_list":["post-217","page","type-page","status-publish","hentry"],"_links":{"self":[{"href":"https:\/\/enmi-conf.org\/wp\/enmi15\/wp-json\/wp\/v2\/pages\/217","targetHints":{"allow":["GET"]}}],"collection":[{"href":"https:\/\/enmi-conf.org\/wp\/enmi15\/wp-json\/wp\/v2\/pages"}],"about":[{"href":"https:\/\/enmi-conf.org\/wp\/enmi15\/wp-json\/wp\/v2\/types\/page"}],"author":[{"embeddable":true,"href":"https:\/\/enmi-conf.org\/wp\/enmi15\/wp-json\/wp\/v2\/users\/22"}],"replies":[{"embeddable":true,"href":"https:\/\/enmi-conf.org\/wp\/enmi15\/wp-json\/wp\/v2\/comments?post=217"}],"version-history":[{"count":30,"href":"https:\/\/enmi-conf.org\/wp\/enmi15\/wp-json\/wp\/v2\/pages\/217\/revisions"}],"predecessor-version":[{"id":744,"href":"https:\/\/enmi-conf.org\/wp\/enmi15\/wp-json\/wp\/v2\/pages\/217\/revisions\/744"}],"wp:attachment":[{"href":"https:\/\/enmi-conf.org\/wp\/enmi15\/wp-json\/wp\/v2\/media?parent=217"}],"curies":[{"name":"wp","href":"https:\/\/api.w.org\/{rel}","templated":true}]}}