{"id":220,"date":"2013-12-19T15:06:45","date_gmt":"2013-12-19T14:06:45","guid":{"rendered":"https:\/\/enmi-conf.org\/wp\/enmi13\/?page_id=220"},"modified":"2013-12-27T11:04:05","modified_gmt":"2013-12-27T10:04:05","slug":"session-3","status":"publish","type":"page","link":"https:\/\/enmi-conf.org\/wp\/enmi13\/session-3\/","title":{"rendered":"Session 3"},"content":{"rendered":"<p><div  class=\"one-fourth\"><img loading=\"lazy\" decoding=\"async\" src=\"https:\/\/enmi-conf.org\/wp\/enmi13\/wp-content\/uploads\/sites\/3\/2013\/12\/Session3.png\" alt=\"Session3\" width=\"220\" height=\"220\" class=\"aligncenter size-full wp-image-145\" \/><\/div><div  class=\"one-half\"><h3>Temps du travail, temps du savoir et valeur du temps \u00e0 l\u2019\u00e9poque de l\u2019\u00e9criture r\u00e9ticulaire<\/h3><\/p>\n<p style=\"text-align: justify;\">Les gains de productivit\u00e9 r\u00e9sultant de l\u2019automatisation sont des gains de temps : peuvent-ils \u00eatre redistribu\u00e9s sous d\u2019autres formes que celles permises par le salariat comme pouvoir d\u2019achat \u2013 c\u2019est \u00e0 dire sans passer par la mon\u00e9tisation int\u00e9grale du temps gagn\u00e9 en argent ? De nouvelles conceptions du temps, de la valeur et du travail sont-elles possibles au moment o\u00f9 la robotisation para\u00eet conduire au pur et simple remplacement de la main d\u2019\u0153uvre par des syst\u00e8mes automatiques int\u00e9gr\u00e9s cependant que, par ailleurs, la num\u00e9risation fait appara\u00eetre de nouvelles formes de production de valeur et de savoir ?<\/p>\n<p><\/div><div  class=\"one-fourth last-column\"><h3>Intervenants<\/h3><h4>Maurizio Lazzarato<\/h4><br \/>\n<h4>Jean-Yves Boulin<\/h4><\/p>\n<p>Sociologue<\/p>\n<p><\/div><div class=\"clearfix\"><\/div><br \/>\n<div class=\"seperator\" class=\"seperatorExtra\"><\/div><br \/>\n<h3>Vid\u00e9o de la session<\/h3><br \/>\n<iframe src='http:\/\/ldt.iri.centrepompidou.fr\/\/ldtplatform\/ldt\/embediframe\/?content_id=c2eeffe2-67ce-11e3-aee3-00145ea4a2be&#038;project_id=e51a3d34-67ce-11e3-afd8-00145ea4a2be&#038;polemic=tweet&#038;annotations_list=True&#038;annotation=True&#038;slideshare=True&#038;tweet=True' width='1000' height='900' seamless='seamless'><\/iframe><br \/>\n<div class=\"seperator\" class=\"seperatorExtra\"><\/div><br \/>\n<div  class=\"two-third\"><h3>PRISE DE NOTE<\/h3><br \/>\n<iframe name='embed_readwrite' src='http:\/\/pads.iri-research.org\/p\/enmi13-session3?showControls=true&#038;showChat=true&#038;showLineNumbers=true&#038;useMonospaceFont=false' width=640 height=600><\/iframe><\/div><div  class=\"one-third last-column\"><h3>RESSOURCES<\/h3><\/p>\n<blockquote class=\"twitter-tweet\" lang=\"fr\">\n<p><a href=\"https:\/\/twitter.com\/search?q=%23enmi13&amp;src=hash\">#enmi13<\/a> [ ressources ]Sur la dette comme technique s\u00e9curitaire : T\u00e9moignage de Etienne Hayem alias <a href=\"https:\/\/twitter.com\/zoupic\">@zoupic<\/a> &gt; <a href=\"http:\/\/t.co\/tVOob1y5qn\">http:\/\/t.co\/tVOob1y5qn<\/a> ==<\/p>\n<p>&mdash; Sylvia Fredriksson (@s_fredriksson) <a href=\"https:\/\/twitter.com\/s_fredriksson\/statuses\/412586448928653313\">16 D\u00e9cembre 2013<\/a><\/p><\/blockquote>\n<p><script async src=\"\/\/platform.twitter.com\/widgets.js\" charset=\"utf-8\"><\/script><\/div><div class=\"clearfix\"><\/div><br \/>\n<div class=\"seperator\" class=\"seperatorExtra\"><\/div><\/p>\n","protected":false},"excerpt":{"rendered":"","protected":false},"author":22,"featured_media":0,"parent":0,"menu_order":0,"comment_status":"open","ping_status":"closed","template":"","meta":{"footnotes":""},"class_list":["post-220","page","type-page","status-publish","hentry"],"_links":{"self":[{"href":"https:\/\/enmi-conf.org\/wp\/enmi13\/wp-json\/wp\/v2\/pages\/220","targetHints":{"allow":["GET"]}}],"collection":[{"href":"https:\/\/enmi-conf.org\/wp\/enmi13\/wp-json\/wp\/v2\/pages"}],"about":[{"href":"https:\/\/enmi-conf.org\/wp\/enmi13\/wp-json\/wp\/v2\/types\/page"}],"author":[{"embeddable":true,"href":"https:\/\/enmi-conf.org\/wp\/enmi13\/wp-json\/wp\/v2\/users\/22"}],"replies":[{"embeddable":true,"href":"https:\/\/enmi-conf.org\/wp\/enmi13\/wp-json\/wp\/v2\/comments?post=220"}],"version-history":[{"count":1,"href":"https:\/\/enmi-conf.org\/wp\/enmi13\/wp-json\/wp\/v2\/pages\/220\/revisions"}],"predecessor-version":[{"id":232,"href":"https:\/\/enmi-conf.org\/wp\/enmi13\/wp-json\/wp\/v2\/pages\/220\/revisions\/232"}],"wp:attachment":[{"href":"https:\/\/enmi-conf.org\/wp\/enmi13\/wp-json\/wp\/v2\/media?parent=220"}],"curies":[{"name":"wp","href":"https:\/\/api.w.org\/{rel}","templated":true}]}}