{"id":219,"date":"2013-12-19T15:05:08","date_gmt":"2013-12-19T14:05:08","guid":{"rendered":"https:\/\/enmi-conf.org\/wp\/enmi13\/?page_id=219"},"modified":"2013-12-19T20:08:08","modified_gmt":"2013-12-19T19:08:08","slug":"session-2","status":"publish","type":"page","link":"https:\/\/enmi-conf.org\/wp\/enmi13\/session-2\/","title":{"rendered":"Session 2"},"content":{"rendered":"<p><div  class=\"one-fourth\"><img loading=\"lazy\" decoding=\"async\" src=\"https:\/\/enmi-conf.org\/wp\/enmi13\/wp-content\/uploads\/sites\/3\/2013\/12\/Session2.png\" alt=\"Session2\" width=\"220\" height=\"220\" class=\"aligncenter size-full wp-image-145\" \/><\/div><div  class=\"one-half\"><h3>L\u2019automatisation dans l\u2019histoire technique, industrielle et \u00e9conomique et \u00e0 l\u2019\u00e9poque contemporaine<\/h3><\/p>\n<p style=\"text-align: justify;\">La \u00ab grande industrie \u00bb qui appara\u00eet au XIX\u00e8 si\u00e8cle est fond\u00e9e sur l\u2019introduction des automatismes au service de la transformation de la mati\u00e8re. En optimisant l\u2019automatisation, le taylorisme devient la base du fordisme, qui constitue lui-m\u00eame la matrice de la destruction cr\u00e9atrice d\u00e9crite par Joseph Schumpeter. Partiellement redistribu\u00e9s en pouvoir d\u2019achat, les gains de productivit\u00e9 ainsi r\u00e9alis\u00e9s permettent la stabilisation du consumer capitalism. L\u2019automatisation g\u00e9n\u00e9ralis\u00e9e que provoque la num\u00e9risation ne remet-elle pas fondamentalement en cause ce mod\u00e8le fond\u00e9 sur l\u2019emploi comme condition d\u2019un pouvoir d\u2019achat ? Comment concevoir la solvabilit\u00e9 d\u2019un syst\u00e8me bas\u00e9 sur l\u2019automatisation g\u00e9n\u00e9ralis\u00e9e et le d\u00e9clin syst\u00e9mique de l\u2019emploi ?<\/p>\n<p><\/div><div  class=\"one-fourth last-column\"><h3>Intervenants<\/h3><h4>Michel Volle<\/h4><\/p>\n<p>Co-pr\u00e9sident de l&#8217;institut Xerfi<\/p>\n<h4>Marc Giget<\/h4>\n<p>Pr\u00e9sident de l\u2019Institut Europ\u00e9en de Strat\u00e9gies Cr\u00e9atives et d\u2019Innovation <\/p>\n<p><\/div><div class=\"clearfix\"><\/div><br \/>\n<div class=\"seperator\" class=\"seperatorExtra\"><\/div><br \/>\n<h3>Vid\u00e9o de la session<\/h3><br \/>\n<iframe src='http:\/\/ldt.iri.centrepompidou.fr\/\/ldtplatform\/ldt\/embediframe\/?content_id=321fd5ea-67ce-11e3-aee3-00145ea4a2be&#038;project_id=84c2b470-67ce-11e3-aee3-00145ea4a2be&#038;polemic=tweet&#038;annotations_list=True&#038;annotation=True' width='1000' height='530' seamless='seamless'><\/iframe><br \/>\n<div class=\"seperator\" class=\"seperatorExtra\"><\/div><br \/>\n<div  class=\"two-third\"><h3>PRISE DE NOTE<\/h3><br \/>\n<iframe name='embed_readwrite' src='http:\/\/pads.iri-research.org\/p\/enmi13-session2?showControls=true&#038;showChat=true&#038;showLineNumbers=true&#038;useMonospaceFont=false' width=640 height=550><\/iframe><\/div><div  class=\"one-third last-column\"><h3>VISUELS<\/h3><\/p>\n<blockquote class=\"twitter-tweet\" lang=\"fr\">\n<p><a href=\"https:\/\/twitter.com\/search?q=%23ENMI13&amp;src=hash\">#ENMI13<\/a> Marc Giget insiste sur l&#39;\u00e9norme besoin d&#39;\u00e9ducation pour d\u00e9passer le gap technologique. <a href=\"https:\/\/twitter.com\/simplonco\">@simplonco<\/a> <a href=\"https:\/\/twitter.com\/search?q=%23essaimage&amp;src=hash\">#essaimage<\/a> <a href=\"http:\/\/t.co\/cHUqokd4VV\">pic.twitter.com\/cHUqokd4VV<\/a><\/p>\n<p>&mdash; Michael Fozeu (@MFozeu) <a href=\"https:\/\/twitter.com\/MFozeu\/statuses\/412547178281074688\">16 D\u00e9cembre 2013<\/a><\/p><\/blockquote>\n<p><script async src=\"\/\/platform.twitter.com\/widgets.js\" charset=\"utf-8\"><\/script><\/div><div class=\"clearfix\"><\/div><br \/>\n<div class=\"seperator\" class=\"seperatorExtra\"><\/div><\/p>\n","protected":false},"excerpt":{"rendered":"","protected":false},"author":22,"featured_media":0,"parent":0,"menu_order":0,"comment_status":"open","ping_status":"closed","template":"","meta":{"footnotes":""},"class_list":["post-219","page","type-page","status-publish","hentry"],"_links":{"self":[{"href":"https:\/\/enmi-conf.org\/wp\/enmi13\/wp-json\/wp\/v2\/pages\/219","targetHints":{"allow":["GET"]}}],"collection":[{"href":"https:\/\/enmi-conf.org\/wp\/enmi13\/wp-json\/wp\/v2\/pages"}],"about":[{"href":"https:\/\/enmi-conf.org\/wp\/enmi13\/wp-json\/wp\/v2\/types\/page"}],"author":[{"embeddable":true,"href":"https:\/\/enmi-conf.org\/wp\/enmi13\/wp-json\/wp\/v2\/users\/22"}],"replies":[{"embeddable":true,"href":"https:\/\/enmi-conf.org\/wp\/enmi13\/wp-json\/wp\/v2\/comments?post=219"}],"version-history":[{"count":1,"href":"https:\/\/enmi-conf.org\/wp\/enmi13\/wp-json\/wp\/v2\/pages\/219\/revisions"}],"predecessor-version":[{"id":230,"href":"https:\/\/enmi-conf.org\/wp\/enmi13\/wp-json\/wp\/v2\/pages\/219\/revisions\/230"}],"wp:attachment":[{"href":"https:\/\/enmi-conf.org\/wp\/enmi13\/wp-json\/wp\/v2\/media?parent=219"}],"curies":[{"name":"wp","href":"https:\/\/api.w.org\/{rel}","templated":true}]}}