{"id":2254,"date":"2012-12-18T17:25:57","date_gmt":"2012-12-18T16:25:57","guid":{"rendered":"http:\/\/enmi12.org\/?page_id=2254"},"modified":"2013-11-06T22:36:30","modified_gmt":"2013-11-06T22:36:30","slug":"session-6","status":"publish","type":"page","link":"https:\/\/enmi-conf.org\/wp\/enmi12\/session-6\/","title":{"rendered":"Session 6"},"content":{"rendered":"<h4><strong>Enjeux industriels<\/strong><\/h4>\n<p>Industries culturelles, m\u00e9dias de masse, \u00e9dition connaissent une tr\u00e8s profonde r\u00e9volution o\u00f9 tous les mod\u00e8les ant\u00e9rieurs sont \u00e0 plus ou moins br\u00e8ve \u00e9ch\u00e9ance vou\u00e9s \u00e0 dispara\u00eetre. Cela affecte directement les t\u00e9l\u00e9communications aussi bien que les \u00e9quipementiers \u00e9lectroniques. Dans le monde audiovisuel, l\u2019\u00e9ditorialisation doit \u00eatre repens\u00e9e en profondeur, tandis que le m\u00e9tier m\u00eame de diffuseur est appel\u00e9 \u00e0 r\u00e9gresser au profit d\u2019une nouvelle forme d\u2019activit\u00e9 \u00e9ditoriale. Des activit\u00e9s comme la lecture et l\u2019\u00e9criture, qui ne peuvent plus \u00eatre con\u00e7ues ind\u00e9pendamment des liseuses et des r\u00e9seaux sociaux, n\u00e9cessitent de nouveaux instruments de travail, individuel et collectif, o\u00f9 se g\u00e9n\u00e9ralisent les langages d\u2019annotation. Dans cette \u00e9conomie relationnelle, la question de la valorisation des externalit\u00e9s positives, qui deviennent une fonction \u00e9conomique cruciale, n\u00e9cessite de nouveaux crit\u00e8res en mati\u00e8re de fiscalit\u00e9.<\/p>\n<p><div  class=\"one-third\"><a title=\"Unishared Session 7\" href=\"https:\/\/enmi-conf.org\/wp\/enmi12\/unishared-session-6\/\"><img loading=\"lazy\" decoding=\"async\" class=\"aligncenter size-full wp-image-2257\" title=\"outils_unishared_6\" src=\"https:\/\/enmi-conf.org\/wp\/enmi12\/wp-content\/uploads\/sites\/2\/2012\/12\/outils_unishared_6.png\" alt=\"\" width=\"277\" height=\"275\" srcset=\"https:\/\/enmi-conf.org\/wp\/enmi12\/wp-content\/uploads\/sites\/2\/2012\/12\/outils_unishared_6.png 277w, https:\/\/enmi-conf.org\/wp\/enmi12\/wp-content\/uploads\/sites\/2\/2012\/12\/outils_unishared_6-150x150.png 150w\" sizes=\"auto, (max-width: 277px) 100vw, 277px\" \/><\/a><\/div><div  class=\"one-third\"><a title=\"Sharypic Session 6\" href=\"https:\/\/enmi-conf.org\/wp\/enmi12\/sharypic-session-6\/\"><img loading=\"lazy\" decoding=\"async\" class=\"aligncenter size-full wp-image-2258\" title=\"outils_sharipic_6\" src=\"https:\/\/enmi-conf.org\/wp\/enmi12\/wp-content\/uploads\/sites\/2\/2012\/12\/outils_sharipic_6.png\" alt=\"\" width=\"277\" height=\"275\" srcset=\"https:\/\/enmi-conf.org\/wp\/enmi12\/wp-content\/uploads\/sites\/2\/2012\/12\/outils_sharipic_6.png 277w, https:\/\/enmi-conf.org\/wp\/enmi12\/wp-content\/uploads\/sites\/2\/2012\/12\/outils_sharipic_6-150x150.png 150w\" sizes=\"auto, (max-width: 277px) 100vw, 277px\" \/><\/a><\/div><div  class=\"one-third last-column\"><a title=\"Storify Session 6\" href=\"https:\/\/enmi-conf.org\/wp\/enmi12\/storify-session-6\/\"><img loading=\"lazy\" decoding=\"async\" class=\"aligncenter size-full wp-image-2259\" title=\"outils_storify_6\" src=\"https:\/\/enmi-conf.org\/wp\/enmi12\/wp-content\/uploads\/sites\/2\/2012\/12\/outils_storify_6.png\" alt=\"\" width=\"277\" height=\"275\" srcset=\"https:\/\/enmi-conf.org\/wp\/enmi12\/wp-content\/uploads\/sites\/2\/2012\/12\/outils_storify_6.png 277w, https:\/\/enmi-conf.org\/wp\/enmi12\/wp-content\/uploads\/sites\/2\/2012\/12\/outils_storify_6-150x150.png 150w\" sizes=\"auto, (max-width: 277px) 100vw, 277px\" \/><\/a><br \/>\n<\/div><div class=\"clearfix\"><\/div><\/p>\n<h3 style=\"text-align: center\">INTERVENANTS<\/h3>\n<div  class=\"one-third\"><\/p>\n<p style=\"text-align: center\"><a href=\"https:\/\/enmi-conf.org\/wp\/enmi12\/wp-content\/uploads\/sites\/2\/2012\/12\/session_6_p.png\"><img loading=\"lazy\" decoding=\"async\" class=\"aligncenter size-full wp-image-2264\" title=\"session_6_p\" src=\"https:\/\/enmi-conf.org\/wp\/enmi12\/wp-content\/uploads\/sites\/2\/2012\/12\/session_6_p.png\" alt=\"\" width=\"259\" height=\"259\" srcset=\"https:\/\/enmi-conf.org\/wp\/enmi12\/wp-content\/uploads\/sites\/2\/2012\/12\/session_6_p.png 259w, https:\/\/enmi-conf.org\/wp\/enmi12\/wp-content\/uploads\/sites\/2\/2012\/12\/session_6_p-150x150.png 150w\" sizes=\"auto, (max-width: 259px) 100vw, 259px\" \/><\/a><\/p>\n<h4 style=\"text-align: center\"><strong>Bruno Patino<\/strong><\/h4>\n<p><\/div>\n<div  class=\"one-third\">\n<p style=\"text-align: center\"><a href=\"https:\/\/enmi-conf.org\/wp\/enmi12\/wp-content\/uploads\/sites\/2\/2012\/12\/session_6_b.png\"><img loading=\"lazy\" decoding=\"async\" class=\"aligncenter size-full wp-image-2265\" title=\"session_6_b\" src=\"https:\/\/enmi-conf.org\/wp\/enmi12\/wp-content\/uploads\/sites\/2\/2012\/12\/session_6_b.png\" alt=\"\" width=\"259\" height=\"259\" srcset=\"https:\/\/enmi-conf.org\/wp\/enmi12\/wp-content\/uploads\/sites\/2\/2012\/12\/session_6_b.png 259w, https:\/\/enmi-conf.org\/wp\/enmi12\/wp-content\/uploads\/sites\/2\/2012\/12\/session_6_b-150x150.png 150w\" sizes=\"auto, (max-width: 259px) 100vw, 259px\" \/><\/a><\/p>\n<h4 style=\"text-align: center\"><strong>Jean-Luc Beylat<\/strong><\/h4>\n<p>&nbsp;<\/p>\n<p style=\"text-align: justify\"><em>Social Engineering et Outils d\u2019Innovation Num\u00e9riques.<\/em><\/p>\n<p><\/div><div  class=\"one-third last-column\"><\/p>\n<p style=\"text-align: center\"><a href=\"https:\/\/enmi-conf.org\/wp\/enmi12\/wp-content\/uploads\/sites\/2\/2012\/12\/session_6_l.png\"><img loading=\"lazy\" decoding=\"async\" class=\"aligncenter size-full wp-image-2266\" title=\"session_6_l\" src=\"https:\/\/enmi-conf.org\/wp\/enmi12\/wp-content\/uploads\/sites\/2\/2012\/12\/session_6_l.png\" alt=\"\" width=\"259\" height=\"259\" srcset=\"https:\/\/enmi-conf.org\/wp\/enmi12\/wp-content\/uploads\/sites\/2\/2012\/12\/session_6_l.png 259w, https:\/\/enmi-conf.org\/wp\/enmi12\/wp-content\/uploads\/sites\/2\/2012\/12\/session_6_l-150x150.png 150w\" sizes=\"auto, (max-width: 259px) 100vw, 259px\" \/><\/a><\/p>\n<h4 style=\"text-align: center\"><strong>Jean-Baptiste Labrune<\/strong><\/h4>\n<p>&nbsp;<\/p>\n<p style=\"text-align: justify\"><em>Social Engineering et Outils d\u2019Innovation Num\u00e9riques.<\/em><br \/>\nL\u2019\u00e9volution fulgurante des dispositifs techniques de communication num\u00e9rique (ordinateurs portables, t\u00e9l\u00e9phones mobiles, tablettes) a entrain\u00e9 un changement dans les pratiques informationnelles. Aux lieux de savoirs monumentaux se sont substitu\u00e9s des r\u00e9seaux de connaissances s\u2019appuyant sur des noeuds institutionnels et industriels. Les nombreux laboratoires ou projets publics et priv\u00e9s \u00e9changent des projets et du contenu ouverts (open-data) ainsi que des \u00e9quipes transverses, \u00e0 la composition interdisciplinaire et aux projets hybrides. A leurs c\u00f4t\u00e9s, des entit\u00e9s en chantier, comme les PRES et les Etablissements Publics et \u00e9galement les clusters d\u2019innovation, red\u00e9finissent le paysage de l\u2019innovation dans des territoires en mutation. Quels seront les artefacts et environnements qui permettront \u00e0 ces nouvelles pratiques informationnelles et sociales de s\u2019\u00e9panouir ? A travers quelques exemples issus de travaux acad\u00e9miques mais \u00e9galement de cas concrets issus de l\u2019\u00e9cosyst\u00e8me d\u2019innovation num\u00e9rique, nous tenterons d\u2019esquisser les contours de ces questions ainsi que leur r\u00e9sonance avec le ph\u00e9nom\u00e8ne des Digital Studies \u00e0 la fran\u00e7aise.<\/p>\n<p>&nbsp;<\/p>\n<h3 style=\"text-align: center\"><span style=\"text-decoration: underline\">RESSOURCES<br \/>\n<\/span><\/h3>\n<p style=\"text-align: center\"><div class=\"button\"><a class=\"small\" href=\"http:\/\/fr.slideshare.net\/jb.labrune\/innovation-clinique\">Support de pr\u00e9sentation de la conf\u00e9rence<\/a><\/div><\/p>\n<p><\/div><div class=\"clearfix\"><\/div><\/p>\n<div  class=\"one-third\"><\/p>\n<p style=\"text-align: center\"><a href=\"https:\/\/enmi-conf.org\/wp\/enmi12\/wp-content\/uploads\/sites\/2\/2012\/12\/session_6_c.png\"><img loading=\"lazy\" decoding=\"async\" class=\"aligncenter size-full wp-image-2267\" title=\"session_6_c\" src=\"https:\/\/enmi-conf.org\/wp\/enmi12\/wp-content\/uploads\/sites\/2\/2012\/12\/session_6_c.png\" alt=\"\" width=\"259\" height=\"259\" srcset=\"https:\/\/enmi-conf.org\/wp\/enmi12\/wp-content\/uploads\/sites\/2\/2012\/12\/session_6_c.png 259w, https:\/\/enmi-conf.org\/wp\/enmi12\/wp-content\/uploads\/sites\/2\/2012\/12\/session_6_c-150x150.png 150w\" sizes=\"auto, (max-width: 259px) 100vw, 259px\" \/><\/a><\/p>\n<h4 style=\"text-align: center\"><strong>Michel Calmejane<\/strong><\/h4>\n<p>&nbsp;<\/p>\n<p style=\"text-align: justify\">La question d\u2019une fiscalit\u00e9 adapt\u00e9e au num\u00e9rique est n\u00e9cessaire mais non suffisante face \u00e0 l\u2019enjeu global : les nouvelles technologies cr\u00e9ent-elles un espace de confrontation d\u2019une multitude de biens priv\u00e9s ou internet est-il d\u2019abord un bien commun ? Une autre forme de r\u00e9gulation devrait voir le jour pour accompagner un changement ontologique et \u00e9viter la trag\u00e9die des biens communs. L\u2019\u00e9laboration d\u2019une r\u00e9gulation de ce nouvel espace -au sens de Leibnitz- passera d\u2019abord par un travail en commun de toutes les disciplines.<\/p>\n<p>&nbsp;<\/p>\n<h3 style=\"text-align: center\"><span style=\"text-decoration: underline\">RESSOURCES<br \/>\n<\/span><\/h3>\n<p style=\"text-align: center\"><div class=\"button\"><a class=\"small\" href=\"http:\/\/fr.slideshare.net\/iri-research\/industrie-numrique-fiscalit-digital-studies-michel-calmejane\">Support de pr\u00e9sentation de la conf\u00e9rence<\/a><\/div><\/p>\n<p><\/div>\n<div  class=\"one-third last-column\"><a href=\"https:\/\/enmi-conf.org\/wp\/enmi12\/wp-content\/uploads\/sites\/2\/2012\/12\/session_6_V.png\"><img loading=\"lazy\" decoding=\"async\" class=\"aligncenter size-full wp-image-2269\" title=\"session_6_V\" src=\"https:\/\/enmi-conf.org\/wp\/enmi12\/wp-content\/uploads\/sites\/2\/2012\/12\/session_6_V.png\" alt=\"\" width=\"259\" height=\"259\" srcset=\"https:\/\/enmi-conf.org\/wp\/enmi12\/wp-content\/uploads\/sites\/2\/2012\/12\/session_6_V.png 259w, https:\/\/enmi-conf.org\/wp\/enmi12\/wp-content\/uploads\/sites\/2\/2012\/12\/session_6_V-150x150.png 150w\" sizes=\"auto, (max-width: 259px) 100vw, 259px\" \/><\/a><\/p>\n<h4 style=\"text-align: center\"><strong>Fr\u00e9d\u00e9ric Vacher<\/strong><\/h4>\n<p>&nbsp;<\/p>\n<p style=\"text-align: justify\">La valorisation des donn\u00e9es num\u00e9riques des produits industriels cr\u00e9\u00e9s depuis 30 ans par nos clients, au profit de la communication au sens large et de mani\u00e8re plus sectorielle de l\u2019\u00e9ducation, la formation, la documentation\u2026 Les objets de plus en plus intelligents ont leur r\u00e9f\u00e9rentiel num\u00e9rique 3D comportemental, qui peut maintenant \u00eatre mis a disposition de l\u2019utilisateur final, pour de nombreux usages. Ceci est rendu possible avec les nouveaux \u00abdevices\u00bb, la mobilit\u00e9, le tr\u00e8s haut d\u00e9bit les plateformes cloud et sociales. C\u2019est de fait un des enjeux majeur de ce que nous appelons la plateforme 3D Exp\u00e9rience.<\/p>\n<p><\/div><div class=\"clearfix\"><\/div>\n<p><\/p>\n","protected":false},"excerpt":{"rendered":"<p>Enjeux industriels Industries culturelles, m\u00e9dias de masse, \u00e9dition connaissent une tr\u00e8s profonde r\u00e9volution o\u00f9 tous les mod\u00e8les ant\u00e9rieurs sont \u00e0 plus ou moins br\u00e8ve \u00e9ch\u00e9ance vou\u00e9s \u00e0 dispara\u00eetre. Cela affecte directement les t\u00e9l\u00e9communications aussi bien que les \u00e9quipementiers \u00e9lectroniques. Dans le monde audiovisuel, l\u2019\u00e9ditorialisation doit \u00eatre repens\u00e9e en profondeur, tandis que le m\u00e9tier m\u00eame de [&hellip;]<\/p>\n","protected":false},"author":2,"featured_media":0,"parent":0,"menu_order":0,"comment_status":"closed","ping_status":"open","template":"","meta":{"footnotes":""},"class_list":["post-2254","page","type-page","status-publish","hentry"],"_links":{"self":[{"href":"https:\/\/enmi-conf.org\/wp\/enmi12\/wp-json\/wp\/v2\/pages\/2254","targetHints":{"allow":["GET"]}}],"collection":[{"href":"https:\/\/enmi-conf.org\/wp\/enmi12\/wp-json\/wp\/v2\/pages"}],"about":[{"href":"https:\/\/enmi-conf.org\/wp\/enmi12\/wp-json\/wp\/v2\/types\/page"}],"author":[{"embeddable":true,"href":"https:\/\/enmi-conf.org\/wp\/enmi12\/wp-json\/wp\/v2\/users\/2"}],"replies":[{"embeddable":true,"href":"https:\/\/enmi-conf.org\/wp\/enmi12\/wp-json\/wp\/v2\/comments?post=2254"}],"version-history":[{"count":1,"href":"https:\/\/enmi-conf.org\/wp\/enmi12\/wp-json\/wp\/v2\/pages\/2254\/revisions"}],"predecessor-version":[{"id":2626,"href":"https:\/\/enmi-conf.org\/wp\/enmi12\/wp-json\/wp\/v2\/pages\/2254\/revisions\/2626"}],"wp:attachment":[{"href":"https:\/\/enmi-conf.org\/wp\/enmi12\/wp-json\/wp\/v2\/media?parent=2254"}],"curies":[{"name":"wp","href":"https:\/\/api.w.org\/{rel}","templated":true}]}}